{"id":10,"date":"2026-01-07T18:42:00","date_gmt":"2026-01-07T18:42:00","guid":{"rendered":"http:\/\/mirandagandi.cl\/?page_id=10"},"modified":"2026-01-14T16:05:19","modified_gmt":"2026-01-14T16:05:19","slug":"inicio","status":"publish","type":"page","link":"https:\/\/mirandagandi.cl\/","title":{"rendered":"Inicio"},"content":{"rendered":"\t\t<div data-elementor-type=\"wp-page\" data-elementor-id=\"10\" class=\"elementor elementor-10\" data-elementor-post-type=\"page\">\n\t\t\t\t<div class=\"elementor-element elementor-element-3211cae e-con-full e-flex e-con e-parent\" data-id=\"3211cae\" data-element_type=\"container\">\n\t\t<div class=\"elementor-element elementor-element-7cbff5d e-con-full e-flex e-con e-child\" data-id=\"7cbff5d\" data-element_type=\"container\">\n\t\t\t\t<\/div>\n\t\t<div class=\"elementor-element elementor-element-df717b2 e-con-full e-flex e-con e-child\" data-id=\"df717b2\" data-element_type=\"container\">\n\t\t\t\t<div class=\"elementor-element elementor-element-850a5d4 elementor-widget elementor-widget-heading\" data-id=\"850a5d4\" data-element_type=\"widget\" data-widget_type=\"heading.default\">\n\t\t\t\t\t<h2 class=\"elementor-heading-title elementor-size-default\">Mi Verso<\/h2>\t\t\t\t<\/div>\n\t\t\t\t<div class=\"elementor-element elementor-element-60e5feb elementor-widget-divider--view-line elementor-widget elementor-widget-divider\" data-id=\"60e5feb\" data-element_type=\"widget\" data-widget_type=\"divider.default\">\n\t\t\t\t\t\t\t<div class=\"elementor-divider\">\n\t\t\t<span class=\"elementor-divider-separator\">\n\t\t\t\t\t\t<\/span>\n\t\t<\/div>\n\t\t\t\t\t\t<\/div>\n\t\t\t\t<div class=\"elementor-element elementor-element-76a33f2 elementor-widget elementor-widget-text-editor\" data-id=\"76a33f2\" data-element_type=\"widget\" data-widget_type=\"text-editor.default\">\n\t\t\t\t\t\t\t\t\t<p>Puedo entregarte mi verso<br \/>flor silvestre<br \/>cuatro sencillos p\u00e9talos amarillos<br \/>a merced de los vientos.<\/p><p>Puedo entregarte mi verso<br \/>tierno e indefenso como ave en primer vuelo,<br \/>t\u00edmido y palpitante cual cervatillo en el claro del bosque,<br \/>cristalino como gota de roc\u00edo<br \/>sobre el terciopelo p\u00farpura de la rosa;<br \/>ora transparente.<\/p><p>como el cristal milenario de la Ant\u00e1rtica,<br \/>ora oscuro e intransitado<br \/>como el azul profundo de los montes del sur.<\/p><p>Puedo entregarte,<br \/>humildemente,<br \/>mi verso<br \/>ingenuo e imperfecto,<br \/>como el pastor extiende ante el reba\u00f1o<br \/>la m\u00e1s tierna hierba, hija<br \/>de la entra\u00f1a primeriza del monte<br \/>y de la \u00faltima l\u00e1grima del cielo.<\/p>\t\t\t\t\t\t\t\t<\/div>\n\t\t\t\t<\/div>\n\t\t\t\t<\/div>\n\t\t<div class=\"elementor-element elementor-element-a6762a3 e-flex e-con-boxed e-con e-parent\" data-id=\"a6762a3\" data-element_type=\"container\">\n\t\t\t\t\t<div class=\"e-con-inner\">\n\t\t\t\t<div class=\"elementor-element elementor-element-3f8df44 elementor-widget elementor-widget-heading\" data-id=\"3f8df44\" data-element_type=\"widget\" data-widget_type=\"heading.default\">\n\t\t\t\t\t<h2 class=\"elementor-heading-title elementor-size-default\">Conoce mi Historia<\/h2>\t\t\t\t<\/div>\n\t\t\t\t<div class=\"elementor-element elementor-element-0bda5a1 elementor-align-center elementor-widget elementor-widget-button\" data-id=\"0bda5a1\" data-element_type=\"widget\" data-widget_type=\"button.default\">\n\t\t\t\t\t\t\t\t\t\t<a class=\"elementor-button elementor-button-link elementor-size-sm\" href=\"http:\/\/mirandagandi.cl\/index.php\/biografia\/\">\n\t\t\t\t\t\t<span class=\"elementor-button-content-wrapper\">\n\t\t\t\t\t\t\t\t\t<span class=\"elementor-button-text\">Ver Biograf\u00eda<\/span>\n\t\t\t\t\t<\/span>\n\t\t\t\t\t<\/a>\n\t\t\t\t\t\t\t\t<\/div>\n\t\t\t\t\t<\/div>\n\t\t\t\t<\/div>\n\t\t\t\t<\/div>\n\t\t","protected":false},"excerpt":{"rendered":"<p>Mi Verso Puedo entregarte mi versoflor silvestrecuatro sencillos p\u00e9talos amarillosa merced de los vientos. Puedo entregarte mi versotierno e indefenso como ave en primer vuelo,t\u00edmido y palpitante cual cervatillo en el claro del bosque,cristalino como gota de roc\u00edosobre el terciopelo p\u00farpura de la rosa;ora transparente. como el cristal milenario de la Ant\u00e1rtica,ora oscuro e intransitadocomo [&hellip;]<\/p>\n","protected":false},"author":1,"featured_media":0,"parent":0,"menu_order":0,"comment_status":"closed","ping_status":"closed","template":"elementor_header_footer","meta":{"footnotes":""},"class_list":["post-10","page","type-page","status-publish","hentry"],"_links":{"self":[{"href":"https:\/\/mirandagandi.cl\/index.php\/wp-json\/wp\/v2\/pages\/10","targetHints":{"allow":["GET"]}}],"collection":[{"href":"https:\/\/mirandagandi.cl\/index.php\/wp-json\/wp\/v2\/pages"}],"about":[{"href":"https:\/\/mirandagandi.cl\/index.php\/wp-json\/wp\/v2\/types\/page"}],"author":[{"embeddable":true,"href":"https:\/\/mirandagandi.cl\/index.php\/wp-json\/wp\/v2\/users\/1"}],"replies":[{"embeddable":true,"href":"https:\/\/mirandagandi.cl\/index.php\/wp-json\/wp\/v2\/comments?post=10"}],"version-history":[{"count":34,"href":"https:\/\/mirandagandi.cl\/index.php\/wp-json\/wp\/v2\/pages\/10\/revisions"}],"predecessor-version":[{"id":437,"href":"https:\/\/mirandagandi.cl\/index.php\/wp-json\/wp\/v2\/pages\/10\/revisions\/437"}],"wp:attachment":[{"href":"https:\/\/mirandagandi.cl\/index.php\/wp-json\/wp\/v2\/media?parent=10"}],"curies":[{"name":"wp","href":"https:\/\/api.w.org\/{rel}","templated":true}]}}