{"id":21,"date":"2026-01-07T19:14:58","date_gmt":"2026-01-07T19:14:58","guid":{"rendered":"http:\/\/mirandagandi.cl\/?page_id=21"},"modified":"2026-01-14T16:15:26","modified_gmt":"2026-01-14T16:15:26","slug":"la-ventana-de-miranda","status":"publish","type":"page","link":"https:\/\/mirandagandi.cl\/index.php\/la-ventana-de-miranda\/","title":{"rendered":"La Ventana de Miranda"},"content":{"rendered":"\t\t<div data-elementor-type=\"wp-page\" data-elementor-id=\"21\" class=\"elementor elementor-21\" data-elementor-post-type=\"page\">\n\t\t\t\t<div class=\"elementor-element elementor-element-1e6312a e-flex e-con-boxed e-con e-parent\" data-id=\"1e6312a\" data-element_type=\"container\">\n\t\t\t\t\t<div class=\"e-con-inner\">\n\t\t\t\t<div class=\"elementor-element elementor-element-db944bc elementor-widget elementor-widget-heading\" data-id=\"db944bc\" data-element_type=\"widget\" data-widget_type=\"heading.default\">\n\t\t\t\t\t<h2 class=\"elementor-heading-title elementor-size-default\">La Ventana<\/h2>\t\t\t\t<\/div>\n\t\t\t\t\t<\/div>\n\t\t\t\t<\/div>\n\t\t<div class=\"elementor-element elementor-element-f50c1d8 e-flex e-con-boxed e-con e-parent\" data-id=\"f50c1d8\" data-element_type=\"container\">\n\t\t\t\t\t<div class=\"e-con-inner\">\n\t\t\t\t<div class=\"elementor-element elementor-element-eb24418 elementor-grid-3 elementor-grid-tablet-2 elementor-grid-mobile-1 elementor-posts--thumbnail-top elementor-posts--show-avatar elementor-card-shadow-yes elementor-posts__hover-gradient elementor-widget elementor-widget-posts\" data-id=\"eb24418\" data-element_type=\"widget\" data-settings=\"{&quot;cards_columns&quot;:&quot;3&quot;,&quot;cards_columns_tablet&quot;:&quot;2&quot;,&quot;cards_columns_mobile&quot;:&quot;1&quot;,&quot;cards_row_gap&quot;:{&quot;unit&quot;:&quot;px&quot;,&quot;size&quot;:35,&quot;sizes&quot;:[]},&quot;cards_row_gap_tablet&quot;:{&quot;unit&quot;:&quot;px&quot;,&quot;size&quot;:&quot;&quot;,&quot;sizes&quot;:[]},&quot;cards_row_gap_mobile&quot;:{&quot;unit&quot;:&quot;px&quot;,&quot;size&quot;:&quot;&quot;,&quot;sizes&quot;:[]}}\" data-widget_type=\"posts.cards\">\n\t\t\t\t<div class=\"elementor-widget-container\">\n\t\t\t\t\t\t\t<div class=\"elementor-posts-container elementor-posts elementor-posts--skin-cards elementor-grid\" role=\"list\">\n\t\t\t\t<article class=\"elementor-post elementor-grid-item post-420 post type-post status-publish format-standard hentry category-uncategorized\" role=\"listitem\">\n\t\t\t<div class=\"elementor-post__card\">\n\t\t\t\t<div class=\"elementor-post__text\">\n\t\t\t\t<h3 class=\"elementor-post__title\">\n\t\t\t<a href=\"https:\/\/mirandagandi.cl\/index.php\/2021\/12\/07\/el-invierno-de-nuestro-descontento\/\" >\n\t\t\t\t\u201cEl invierno de nuestro descontento\u201d\t\t\t<\/a>\n\t\t<\/h3>\n\t\t\t\t<div class=\"elementor-post__excerpt\">\n\t\t\t<p> Sin embargo, no hay que confundir este \u2018descontento\u2019 con la \u2018indignaci\u00f3n\u2019 creciente en nuestros d\u00edas. Muy por el contrario, es el descontento de quienes&#8230;<\/p>\n\t\t<\/div>\n\t\t\n\t\t<a class=\"elementor-post__read-more\" href=\"https:\/\/mirandagandi.cl\/index.php\/2021\/12\/07\/el-invierno-de-nuestro-descontento\/\" aria-label=\"M\u00e1s informaci\u00f3n sobre \u201cEl invierno de nuestro descontento\u201d\" tabindex=\"-1\" >\n\t\t\tLeer m\u00e1s \u00bb\t\t<\/a>\n\n\t\t\t\t<\/div>\n\t\t\t\t\t<\/div>\n\t\t<\/article>\n\t\t\t\t<article class=\"elementor-post elementor-grid-item post-417 post type-post status-publish format-standard hentry category-uncategorized\" role=\"listitem\">\n\t\t\t<div class=\"elementor-post__card\">\n\t\t\t\t<div class=\"elementor-post__text\">\n\t\t\t\t<h3 class=\"elementor-post__title\">\n\t\t\t<a href=\"https:\/\/mirandagandi.cl\/index.php\/2021\/12\/07\/las-uvas-de-la-ira\/\" >\n\t\t\t\t\u201cLas uvas de la ira\u201d\t\t\t<\/a>\n\t\t<\/h3>\n\t\t\t\t<div class=\"elementor-post__excerpt\">\n\t\t\t<p>No obstante, recomiendo la lectura \u2014o relectura\u2014 de este libro, con mirada pr\u00edstina de siglo XXI y con la mano puesta sobre el coraz\u00f3n, en especial a los empresarios chilenos, economistas y pol\u00edticos de todos los sectores, gobernantes y opositores por igual, legisladores en particular. No la pasar\u00e1n bien.<\/p>\n\t\t<\/div>\n\t\t\n\t\t<a class=\"elementor-post__read-more\" href=\"https:\/\/mirandagandi.cl\/index.php\/2021\/12\/07\/las-uvas-de-la-ira\/\" aria-label=\"M\u00e1s informaci\u00f3n sobre \u201cLas uvas de la ira\u201d\" tabindex=\"-1\" >\n\t\t\tLeer m\u00e1s \u00bb\t\t<\/a>\n\n\t\t\t\t<\/div>\n\t\t\t\t\t<\/div>\n\t\t<\/article>\n\t\t\t\t<article class=\"elementor-post elementor-grid-item post-413 post type-post status-publish format-standard hentry category-uncategorized\" role=\"listitem\">\n\t\t\t<div class=\"elementor-post__card\">\n\t\t\t\t<div class=\"elementor-post__text\">\n\t\t\t\t<h3 class=\"elementor-post__title\">\n\t\t\t<a href=\"https:\/\/mirandagandi.cl\/index.php\/2021\/09\/21\/hubo-una-vez-un-chile\/\" >\n\t\t\t\tHubo una vez un Chile&#8230;\t\t\t<\/a>\n\t\t<\/h3>\n\t\t\t\t<div class=\"elementor-post__excerpt\">\n\t\t\t<p>Hubo una vez un Chile en que se iba avanzando y en el que tuvimos la fortuna de nacer, crecer, trabajar y formar una familia. Tuvimos tambi\u00e9n la posibilidad y la fortuna de estudiar en forma total y absolutamente gratuita<\/p>\n\t\t<\/div>\n\t\t\n\t\t<a class=\"elementor-post__read-more\" href=\"https:\/\/mirandagandi.cl\/index.php\/2021\/09\/21\/hubo-una-vez-un-chile\/\" aria-label=\"M\u00e1s informaci\u00f3n sobre Hubo una vez un Chile&#8230;\" tabindex=\"-1\" >\n\t\t\tLeer m\u00e1s \u00bb\t\t<\/a>\n\n\t\t\t\t<\/div>\n\t\t\t\t\t<\/div>\n\t\t<\/article>\n\t\t\t\t<article class=\"elementor-post elementor-grid-item post-390 post type-post status-publish format-standard hentry category-uncategorized\" role=\"listitem\">\n\t\t\t<div class=\"elementor-post__card\">\n\t\t\t\t<div class=\"elementor-post__text\">\n\t\t\t\t<h3 class=\"elementor-post__title\">\n\t\t\t<a href=\"https:\/\/mirandagandi.cl\/index.php\/2021\/09\/10\/dsad\/\" >\n\t\t\t\tDeep Blue\t\t\t<\/a>\n\t\t<\/h3>\n\t\t\t\t<div class=\"elementor-post__excerpt\">\n\t\t\t<p>Poema a La Batalla de Chile<\/p>\n\t\t<\/div>\n\t\t\n\t\t<a class=\"elementor-post__read-more\" href=\"https:\/\/mirandagandi.cl\/index.php\/2021\/09\/10\/dsad\/\" aria-label=\"M\u00e1s informaci\u00f3n sobre Deep Blue\" tabindex=\"-1\" >\n\t\t\tLeer m\u00e1s \u00bb\t\t<\/a>\n\n\t\t\t\t<\/div>\n\t\t\t\t\t<\/div>\n\t\t<\/article>\n\t\t\t\t<article class=\"elementor-post elementor-grid-item post-218 post type-post status-publish format-standard hentry category-uncategorized\" role=\"listitem\">\n\t\t\t<div class=\"elementor-post__card\">\n\t\t\t\t<div class=\"elementor-post__text\">\n\t\t\t\t<h3 class=\"elementor-post__title\">\n\t\t\t<a href=\"https:\/\/mirandagandi.cl\/index.php\/2021\/01\/13\/el-grito-en-la-sombra\/\" >\n\t\t\t\tEl grito en la sombra\t\t\t<\/a>\n\t\t<\/h3>\n\t\t\t\t<div class=\"elementor-post__excerpt\">\n\t\t\t<p>\u2026Y cruzando transversalmente, con la \u00edntima historia personal, la historia de la patria reencontrada -aquella cuya pintura a trav\u00e9s del velo de la nostalgia a\u00fan conservaba el esplendor de los m\u00e1s v\u00edvidos colores y la riqueza de los contrastes- sucede<\/p>\n\t\t<\/div>\n\t\t\n\t\t<a class=\"elementor-post__read-more\" href=\"https:\/\/mirandagandi.cl\/index.php\/2021\/01\/13\/el-grito-en-la-sombra\/\" aria-label=\"M\u00e1s informaci\u00f3n sobre El grito en la sombra\" tabindex=\"-1\" >\n\t\t\tLeer m\u00e1s \u00bb\t\t<\/a>\n\n\t\t\t\t<\/div>\n\t\t\t\t\t<\/div>\n\t\t<\/article>\n\t\t\t\t<article class=\"elementor-post elementor-grid-item post-216 post type-post status-publish format-standard hentry category-uncategorized\" role=\"listitem\">\n\t\t\t<div class=\"elementor-post__card\">\n\t\t\t\t<div class=\"elementor-post__text\">\n\t\t\t\t<h3 class=\"elementor-post__title\">\n\t\t\t<a href=\"https:\/\/mirandagandi.cl\/index.php\/2021\/01\/13\/a-un-vendedor-de-cuello-y-corbata-en-la-calle\/\" >\n\t\t\t\tA un vendedor de cuello y corbata en la calle\t\t\t<\/a>\n\t\t<\/h3>\n\t\t\t\t<div class=\"elementor-post__excerpt\">\n\t\t\t<p>T\u00fa vas yo vengo t\u00fa y tu ponderosa valija de quimeras yo, con mi feble canastillo de visiones ambos naufragados de mareas ambos, vendedores de ilusiones. En brillante sortilegio despliegas &nbsp;&nbsp;&nbsp;&nbsp;&nbsp;&nbsp;&nbsp;&nbsp;&nbsp; el \u00faltimo prodigio de las ciencias noble producto del<\/p>\n\t\t<\/div>\n\t\t\n\t\t<a class=\"elementor-post__read-more\" href=\"https:\/\/mirandagandi.cl\/index.php\/2021\/01\/13\/a-un-vendedor-de-cuello-y-corbata-en-la-calle\/\" aria-label=\"M\u00e1s informaci\u00f3n sobre A un vendedor de cuello y corbata en la calle\" tabindex=\"-1\" >\n\t\t\tLeer m\u00e1s \u00bb\t\t<\/a>\n\n\t\t\t\t<\/div>\n\t\t\t\t\t<\/div>\n\t\t<\/article>\n\t\t\t\t<article class=\"elementor-post elementor-grid-item post-214 post type-post status-publish format-standard hentry category-uncategorized\" role=\"listitem\">\n\t\t\t<div class=\"elementor-post__card\">\n\t\t\t\t<div class=\"elementor-post__text\">\n\t\t\t\t<h3 class=\"elementor-post__title\">\n\t\t\t<a href=\"https:\/\/mirandagandi.cl\/index.php\/2021\/01\/13\/cuando-regrese-de-la-muerte\/\" >\n\t\t\t\tCuando regrese de la Muerte\t\t\t<\/a>\n\t\t<\/h3>\n\t\t\t\t<div class=\"elementor-post__excerpt\">\n\t\t\t<p>Cuando regrese de la Muerte lucir\u00e9 en mi frente un list\u00f3n de color celeste; s\u00ed: \u00a1un list\u00f3n celeste! Y ocultar\u00e9 dos marraquetas bajo el brazo, la izquierda que me corresponde, y la derecha, del beb\u00e9 que hube aplastado &nbsp;&nbsp;&nbsp;&nbsp; en<\/p>\n\t\t<\/div>\n\t\t\n\t\t<a class=\"elementor-post__read-more\" href=\"https:\/\/mirandagandi.cl\/index.php\/2021\/01\/13\/cuando-regrese-de-la-muerte\/\" aria-label=\"M\u00e1s informaci\u00f3n sobre Cuando regrese de la Muerte\" tabindex=\"-1\" >\n\t\t\tLeer m\u00e1s \u00bb\t\t<\/a>\n\n\t\t\t\t<\/div>\n\t\t\t\t\t<\/div>\n\t\t<\/article>\n\t\t\t\t<\/div>\n\t\t\n\t\t\t\t\t\t<\/div>\n\t\t\t\t<\/div>\n\t\t\t\t\t<\/div>\n\t\t\t\t<\/div>\n\t\t\t\t<\/div>\n\t\t","protected":false},"excerpt":{"rendered":"<p>La Ventana<\/p>\n","protected":false},"author":1,"featured_media":0,"parent":0,"menu_order":0,"comment_status":"closed","ping_status":"closed","template":"elementor_header_footer","meta":{"footnotes":""},"class_list":["post-21","page","type-page","status-publish","hentry"],"_links":{"self":[{"href":"https:\/\/mirandagandi.cl\/index.php\/wp-json\/wp\/v2\/pages\/21","targetHints":{"allow":["GET"]}}],"collection":[{"href":"https:\/\/mirandagandi.cl\/index.php\/wp-json\/wp\/v2\/pages"}],"about":[{"href":"https:\/\/mirandagandi.cl\/index.php\/wp-json\/wp\/v2\/types\/page"}],"author":[{"embeddable":true,"href":"https:\/\/mirandagandi.cl\/index.php\/wp-json\/wp\/v2\/users\/1"}],"replies":[{"embeddable":true,"href":"https:\/\/mirandagandi.cl\/index.php\/wp-json\/wp\/v2\/comments?post=21"}],"version-history":[{"count":10,"href":"https:\/\/mirandagandi.cl\/index.php\/wp-json\/wp\/v2\/pages\/21\/revisions"}],"predecessor-version":[{"id":454,"href":"https:\/\/mirandagandi.cl\/index.php\/wp-json\/wp\/v2\/pages\/21\/revisions\/454"}],"wp:attachment":[{"href":"https:\/\/mirandagandi.cl\/index.php\/wp-json\/wp\/v2\/media?parent=21"}],"curies":[{"name":"wp","href":"https:\/\/api.w.org\/{rel}","templated":true}]}}